{"id":7990,"date":"2021-05-25T16:26:59","date_gmt":"2021-05-25T16:26:59","guid":{"rendered":"http:\/\/tiendamaquetas.com\/index.php\/producto\/import-placeholder-for-6179\/"},"modified":"2026-01-03T22:08:34","modified_gmt":"2026-01-03T22:08:34","slug":"german-cossack-cavalry-2","status":"publish","type":"product","link":"https:\/\/tiendamaquetas.com\/index.php\/producto\/german-cossack-cavalry-2\/","title":{"rendered":"Maqueta Dragon German Cossack Cavalry"},"content":{"rendered":"<h1>Maqueta Fabricante Dragon Ref.6410<\/h1>\n<h2>German Cossack Cavalry escala 1\/35<\/h2>\n<p>&nbsp;<\/p>\n<p><img fetchpriority=\"high\" decoding=\"async\" class=\"wp-image-20472 aligncenter\" src=\"http:\/\/tiendamaquetas.com\/wp-content\/uploads\/2021\/05\/Unbekannt_-_Russian_Cossacks_attacking_German_army_East_Prussia_First_World_War_1914_-_MeisterDrucke-756187-300x190.jpg\" alt=\"\" width=\"619\" height=\"392\" srcset=\"https:\/\/tiendamaquetas.com\/wp-content\/uploads\/2021\/05\/Unbekannt_-_Russian_Cossacks_attacking_German_army_East_Prussia_First_World_War_1914_-_MeisterDrucke-756187-300x190.jpg 300w, https:\/\/tiendamaquetas.com\/wp-content\/uploads\/2021\/05\/Unbekannt_-_Russian_Cossacks_attacking_German_army_East_Prussia_First_World_War_1914_-_MeisterDrucke-756187-1024x650.jpg 1024w, https:\/\/tiendamaquetas.com\/wp-content\/uploads\/2021\/05\/Unbekannt_-_Russian_Cossacks_attacking_German_army_East_Prussia_First_World_War_1914_-_MeisterDrucke-756187-768x488.jpg 768w, https:\/\/tiendamaquetas.com\/wp-content\/uploads\/2021\/05\/Unbekannt_-_Russian_Cossacks_attacking_German_army_East_Prussia_First_World_War_1914_-_MeisterDrucke-756187-600x381.jpg 600w, https:\/\/tiendamaquetas.com\/wp-content\/uploads\/2021\/05\/Unbekannt_-_Russian_Cossacks_attacking_German_army_East_Prussia_First_World_War_1914_-_MeisterDrucke-756187.jpg 1260w\" sizes=\"(max-width: 619px) 100vw, 619px\" \/><\/p>\n<p>&nbsp;<\/p>\n<p><span data-sheets-root=\"1\">Cabalgaron en las estepas durante siglos, y su destreza en combate a caballo se convirti\u00f3 en legendaria. La caballer\u00eda cosaca, conocida por su movilidad y t\u00e1cticas de guerra irregular, jug\u00f3 un papel en m\u00faltiples conflictos, incluyendo la Segunda Guerra Mundial.<\/span><\/p>\n<p><strong>Contexto Hist\u00f3rico:<\/strong><br \/>\nDurante la Segunda Guerra Mundial, unidades de caballer\u00eda cosaca se integraron en varias formaciones, algunas luchando junto a las fuerzas alemanas. Estas unidades se distinguieron por mantener sus tradiciones ecuestres y su equipo distintivo. La Caballer\u00eda Cosaca alemana, por lo tanto, hace referencia a aquellas unidades que serv\u00edan en el Eje, como el XV SS Cuerpo de Caballer\u00eda Cosaca, y otras divisiones formadas por voluntarios de las regiones cosacas que buscaban restaurar su autonom\u00eda y luchaban contra el ej\u00e9rcito sovi\u00e9tico. Su rol era a menudo de maniobra, exploraci\u00f3n y guerra antipartisana (*Bandenbek\u00e4mpfung*).<\/p>\n<p><strong>Unidad de Combate:<\/strong><br \/>\nEstas unidades de caballer\u00eda variaban en tama\u00f1o y composici\u00f3n. Un ejemplo notable fue el XV SS Cuerpo de Caballer\u00eda Cosaca, una formaci\u00f3n que lleg\u00f3 a contar con aproximadamente 50.000 efectivos, y que oper\u00f3 principalmente en los Balcanes durante la ocupaci\u00f3n de Yugoslavia. Otras formaciones, como la 1\u00aa Divisi\u00f3n de Caballer\u00eda Cosaca SS (posteriormente parte del XV Cuerpo), participaban en operaciones de contrainsurgencia y guerra de maniobras. La caballer\u00eda cosaca ofrec\u00eda una ventaja \u00fanica en terrenos donde los veh\u00edculos motorizados ten\u00edan dificultades, manteniendo la relevancia de la guerra a caballo hasta bien entrado el siglo XX.<\/p>\n","protected":false},"excerpt":{"rendered":"<p>Dragon Ref.6410 German Cossack Cavalry 1\/35<\/p>\n","protected":false},"featured_media":8030,"template":"","meta":{"site-sidebar-layout":"default","site-content-layout":"","ast-site-content-layout":"default","site-content-style":"default","site-sidebar-style":"default","ast-global-header-display":"","ast-banner-title-visibility":"","ast-main-header-display":"","ast-hfb-above-header-display":"","ast-hfb-below-header-display":"","ast-hfb-mobile-header-display":"","site-post-title":"","ast-breadcrumbs-content":"","ast-featured-img":"","footer-sml-layout":"","ast-disable-related-posts":"","theme-transparent-header-meta":"default","adv-header-id-meta":"","stick-header-meta":"","header-above-stick-meta":"","header-main-stick-meta":"","header-below-stick-meta":"","astra-migrate-meta-layouts":"set","ast-page-background-enabled":"default","ast-page-background-meta":{"desktop":{"background-color":"","background-image":"","background-repeat":"repeat","background-position":"center center","background-size":"auto","background-attachment":"scroll","background-type":"","background-media":"","overlay-type":"","overlay-color":"","overlay-opacity":"","overlay-gradient":""},"tablet":{"background-color":"","background-image":"","background-repeat":"repeat","background-position":"center center","background-size":"auto","background-attachment":"scroll","background-type":"","background-media":"","overlay-type":"","overlay-color":"","overlay-opacity":"","overlay-gradient":""},"mobile":{"background-color":"","background-image":"","background-repeat":"repeat","background-position":"center center","background-size":"auto","background-attachment":"scroll","background-type":"","background-media":"","overlay-type":"","overlay-color":"","overlay-opacity":"","overlay-gradient":""}},"ast-content-background-meta":{"desktop":{"background-color":"var(--ast-global-color-5)","background-image":"","background-repeat":"repeat","background-position":"center center","background-size":"auto","background-attachment":"scroll","background-type":"","background-media":"","overlay-type":"","overlay-color":"","overlay-opacity":"","overlay-gradient":""},"tablet":{"background-color":"var(--ast-global-color-5)","background-image":"","background-repeat":"repeat","background-position":"center center","background-size":"auto","background-attachment":"scroll","background-type":"","background-media":"","overlay-type":"","overlay-color":"","overlay-opacity":"","overlay-gradient":""},"mobile":{"background-color":"var(--ast-global-color-5)","background-image":"","background-repeat":"repeat","background-position":"center center","background-size":"auto","background-attachment":"scroll","background-type":"","background-media":"","overlay-type":"","overlay-color":"","overlay-opacity":"","overlay-gradient":""}},"_joinchat":[]},"pwb-brand":[52],"product_brand":[],"product_cat":[180,181,113,133],"product_tag":[136,200,138],"class_list":{"0":"post-7990","1":"product","2":"type-product","3":"status-publish","4":"has-post-thumbnail","6":"pwb-brand-dragon","7":"product_cat-figuras-militares","8":"product_cat-figuras-militares-1-35","9":"product_cat-maquetas","10":"product_cat-militar","11":"product_tag-alemania","12":"product_tag-caballos","13":"product_tag-wwii","14":"desktop-align-left","15":"tablet-align-left","16":"mobile-align-left","18":"first","19":"instock","20":"taxable","21":"shipping-taxable","22":"purchasable","23":"product-type-simple"},"brands":[{"id":52,"name":"Dragon","slug":"dragon"}],"_links":{"self":[{"href":"https:\/\/tiendamaquetas.com\/index.php\/wp-json\/wp\/v2\/product\/7990","targetHints":{"allow":["GET"]}}],"collection":[{"href":"https:\/\/tiendamaquetas.com\/index.php\/wp-json\/wp\/v2\/product"}],"about":[{"href":"https:\/\/tiendamaquetas.com\/index.php\/wp-json\/wp\/v2\/types\/product"}],"version-history":[{"count":6,"href":"https:\/\/tiendamaquetas.com\/index.php\/wp-json\/wp\/v2\/product\/7990\/revisions"}],"predecessor-version":[{"id":20474,"href":"https:\/\/tiendamaquetas.com\/index.php\/wp-json\/wp\/v2\/product\/7990\/revisions\/20474"}],"wp:featuredmedia":[{"embeddable":true,"href":"https:\/\/tiendamaquetas.com\/index.php\/wp-json\/wp\/v2\/media\/8030"}],"wp:attachment":[{"href":"https:\/\/tiendamaquetas.com\/index.php\/wp-json\/wp\/v2\/media?parent=7990"}],"wp:term":[{"taxonomy":"pwb-brand","embeddable":true,"href":"https:\/\/tiendamaquetas.com\/index.php\/wp-json\/wp\/v2\/pwb-brand?post=7990"},{"taxonomy":"product_brand","embeddable":true,"href":"https:\/\/tiendamaquetas.com\/index.php\/wp-json\/wp\/v2\/product_brand?post=7990"},{"taxonomy":"product_cat","embeddable":true,"href":"https:\/\/tiendamaquetas.com\/index.php\/wp-json\/wp\/v2\/product_cat?post=7990"},{"taxonomy":"product_tag","embeddable":true,"href":"https:\/\/tiendamaquetas.com\/index.php\/wp-json\/wp\/v2\/product_tag?post=7990"}],"curies":[{"name":"wp","href":"https:\/\/api.w.org\/{rel}","templated":true}]}}