{"id":4386,"date":"2020-12-26T22:07:25","date_gmt":"2020-12-26T22:07:25","guid":{"rendered":"http:\/\/tiendamaquetas.com\/index.php\/producto\/maserati-merak-ss\/"},"modified":"2023-06-30T23:36:35","modified_gmt":"2023-06-30T23:36:35","slug":"porsche-928s-2","status":"publish","type":"product","link":"https:\/\/tiendamaquetas.com\/index.php\/producto\/porsche-928s-2\/","title":{"rendered":"Maqueta Gunze Sangyo Porsche 928S"},"content":{"rendered":"\t\t<div data-elementor-type=\"wp-post\" data-elementor-id=\"4386\" class=\"elementor elementor-4386\">\n\t\t\t\t\t\t<section class=\"elementor-section elementor-top-section elementor-element elementor-element-7cda3f44 elementor-section-boxed elementor-section-height-default elementor-section-height-default\" data-id=\"7cda3f44\" data-element_type=\"section\" data-e-type=\"section\">\n\t\t\t\t\t\t<div class=\"elementor-container elementor-column-gap-default\">\n\t\t\t\t\t<div class=\"elementor-column elementor-col-100 elementor-top-column elementor-element elementor-element-2c288c44\" data-id=\"2c288c44\" data-element_type=\"column\" data-e-type=\"column\">\n\t\t\t<div class=\"elementor-widget-wrap elementor-element-populated\">\n\t\t\t\t\t\t<div class=\"elementor-element elementor-element-674c1c elementor-widget elementor-widget-text-editor\" data-id=\"674c1c\" data-element_type=\"widget\" data-e-type=\"widget\" data-widget_type=\"text-editor.default\">\n\t\t\t\t<div class=\"elementor-widget-container\">\n\t\t\t\t\t\t\t\t\tMaqueta Fabricante Gunze Sangyo Porsche 928S escala 1\/24\t\t\t\t\t\t\t\t<\/div>\n\t\t\t\t<\/div>\n\t\t\t\t\t<\/div>\n\t\t<\/div>\n\t\t\t\t\t<\/div>\n\t\t<\/section>\n\t\t\t\t<section class=\"elementor-section elementor-top-section elementor-element elementor-element-f166ec1 elementor-section-boxed elementor-section-height-default elementor-section-height-default\" data-id=\"f166ec1\" data-element_type=\"section\" data-e-type=\"section\">\n\t\t\t\t\t\t<div class=\"elementor-container elementor-column-gap-default\">\n\t\t\t\t\t<div class=\"elementor-column elementor-col-100 elementor-top-column elementor-element elementor-element-cb41a76\" data-id=\"cb41a76\" data-element_type=\"column\" data-e-type=\"column\">\n\t\t\t<div class=\"elementor-widget-wrap elementor-element-populated\">\n\t\t\t\t\t\t<div class=\"elementor-element elementor-element-46e1d78 elementor-widget elementor-widget-heading\" data-id=\"46e1d78\" data-element_type=\"widget\" data-e-type=\"widget\" data-widget_type=\"heading.default\">\n\t\t\t\t<div class=\"elementor-widget-container\">\n\t\t\t\t\t<h2 class=\"elementor-heading-title elementor-size-default\"><h1 style=\"font-size: 2rem;font-style: normal;font-weight: 400;white-space: normal\">Porsche 928S<\/h1><\/h2>\t\t\t\t<\/div>\n\t\t\t\t<\/div>\n\t\t\t\t<div class=\"elementor-element elementor-element-6057254 elementor-widget elementor-widget-image\" data-id=\"6057254\" data-element_type=\"widget\" data-e-type=\"widget\" data-widget_type=\"image.default\">\n\t\t\t\t<div class=\"elementor-widget-container\">\n\t\t\t\t\t\t\t\t\t\t\t\t\t\t\t<img fetchpriority=\"high\" decoding=\"async\" width=\"1024\" height=\"683\" src=\"https:\/\/tiendamaquetas.com\/wp-content\/uploads\/2020\/12\/PORSCHE-928-1024x683.jpeg\" class=\"attachment-large size-large wp-image-12951\" alt=\"\" srcset=\"https:\/\/tiendamaquetas.com\/wp-content\/uploads\/2020\/12\/PORSCHE-928-1024x683.jpeg 1024w, https:\/\/tiendamaquetas.com\/wp-content\/uploads\/2020\/12\/PORSCHE-928-300x200.jpeg 300w, https:\/\/tiendamaquetas.com\/wp-content\/uploads\/2020\/12\/PORSCHE-928-768x512.jpeg 768w, https:\/\/tiendamaquetas.com\/wp-content\/uploads\/2020\/12\/PORSCHE-928-600x400.jpeg 600w, https:\/\/tiendamaquetas.com\/wp-content\/uploads\/2020\/12\/PORSCHE-928.jpeg 1280w\" sizes=\"(max-width: 1024px) 100vw, 1024px\" \/>\t\t\t\t\t\t\t\t\t\t\t\t\t\t\t<\/div>\n\t\t\t\t<\/div>\n\t\t\t\t<div class=\"elementor-element elementor-element-eed4ed0 elementor-widget elementor-widget-text-editor\" data-id=\"eed4ed0\" data-element_type=\"widget\" data-e-type=\"widget\" data-widget_type=\"text-editor.default\">\n\t\t\t\t<div class=\"elementor-widget-container\">\n\t\t\t\t\t\t\t\t\t<p>El Porsche 928S, introducido en la d\u00e9cada de 1970, es un modelo deportivo que combina elegancia y rendimiento excepcionales. Equipado con un motor V8 de 4.7 litros, el 928S ofrece una potencia impresionante de hasta 310 caballos de fuerza. Su dise\u00f1o de transmisi\u00f3n trasera y equilibrio perfecto garantizan una experiencia de conducci\u00f3n emocionante y din\u00e1mica. Adem\u00e1s, cuenta con tecnolog\u00eda innovadora, como la suspensi\u00f3n ajustable, que proporciona un manejo preciso y c\u00f3modo en cada viaje. El Porsche 928S es un ejemplo sobresaliente de la excelencia t\u00e9cnica de Porsche y contin\u00faa siendo admirado como un cl\u00e1sico del automovilismo.<\/p>\t\t\t\t\t\t\t\t<\/div>\n\t\t\t\t<\/div>\n\t\t\t\t\t<\/div>\n\t\t<\/div>\n\t\t\t\t\t<\/div>\n\t\t<\/section>\n\t\t\t\t<\/div>\n\t\t","protected":false},"excerpt":{"rendered":"<p>Gunze Sangyo Ref.G-215 Porsche 928S 1\/24<\/p>\n","protected":false},"featured_media":4490,"template":"","meta":{"site-sidebar-layout":"default","site-content-layout":"default","ast-site-content-layout":"default","site-content-style":"default","site-sidebar-style":"default","ast-global-header-display":"","ast-banner-title-visibility":"","ast-main-header-display":"","ast-hfb-above-header-display":"","ast-hfb-below-header-display":"","ast-hfb-mobile-header-display":"","site-post-title":"","ast-breadcrumbs-content":"","ast-featured-img":"","footer-sml-layout":"","ast-disable-related-posts":"","theme-transparent-header-meta":"default","adv-header-id-meta":"","stick-header-meta":"","header-above-stick-meta":"","header-main-stick-meta":"","header-below-stick-meta":"","astra-migrate-meta-layouts":"default","ast-page-background-enabled":"default","ast-page-background-meta":{"desktop":{"background-color":"","background-image":"","background-repeat":"repeat","background-position":"center center","background-size":"auto","background-attachment":"scroll","background-type":"","background-media":"","overlay-type":"","overlay-color":"","overlay-opacity":"","overlay-gradient":""},"tablet":{"background-color":"","background-image":"","background-repeat":"repeat","background-position":"center center","background-size":"auto","background-attachment":"scroll","background-type":"","background-media":"","overlay-type":"","overlay-color":"","overlay-opacity":"","overlay-gradient":""},"mobile":{"background-color":"","background-image":"","background-repeat":"repeat","background-position":"center center","background-size":"auto","background-attachment":"scroll","background-type":"","background-media":"","overlay-type":"","overlay-color":"","overlay-opacity":"","overlay-gradient":""}},"ast-content-background-meta":{"desktop":{"background-color":"var(--ast-global-color-5)","background-image":"","background-repeat":"repeat","background-position":"center center","background-size":"auto","background-attachment":"scroll","background-type":"","background-media":"","overlay-type":"","overlay-color":"","overlay-opacity":"","overlay-gradient":""},"tablet":{"background-color":"var(--ast-global-color-5)","background-image":"","background-repeat":"repeat","background-position":"center center","background-size":"auto","background-attachment":"scroll","background-type":"","background-media":"","overlay-type":"","overlay-color":"","overlay-opacity":"","overlay-gradient":""},"mobile":{"background-color":"var(--ast-global-color-5)","background-image":"","background-repeat":"repeat","background-position":"center center","background-size":"auto","background-attachment":"scroll","background-type":"","background-media":"","overlay-type":"","overlay-color":"","overlay-opacity":"","overlay-gradient":""}},"_joinchat":[]},"pwb-brand":[59],"product_brand":[],"product_cat":[129,130,131,113],"product_tag":[317,348],"class_list":{"0":"post-4386","1":"product","2":"type-product","3":"status-publish","4":"has-post-thumbnail","6":"pwb-brand-gunze-sangyo","7":"product_cat-civil","8":"product_cat-coches","9":"product_cat-coches-1-24","10":"product_cat-maquetas","11":"product_tag-coches","12":"product_tag-porsche","13":"desktop-align-left","14":"tablet-align-left","15":"mobile-align-left","17":"first","18":"instock","19":"taxable","20":"shipping-taxable","21":"purchasable","22":"product-type-simple"},"brands":[{"id":59,"name":"Gunze Sangyo","slug":"gunze-sangyo"}],"_links":{"self":[{"href":"https:\/\/tiendamaquetas.com\/index.php\/wp-json\/wp\/v2\/product\/4386","targetHints":{"allow":["GET"]}}],"collection":[{"href":"https:\/\/tiendamaquetas.com\/index.php\/wp-json\/wp\/v2\/product"}],"about":[{"href":"https:\/\/tiendamaquetas.com\/index.php\/wp-json\/wp\/v2\/types\/product"}],"version-history":[{"count":7,"href":"https:\/\/tiendamaquetas.com\/index.php\/wp-json\/wp\/v2\/product\/4386\/revisions"}],"predecessor-version":[{"id":15863,"href":"https:\/\/tiendamaquetas.com\/index.php\/wp-json\/wp\/v2\/product\/4386\/revisions\/15863"}],"wp:featuredmedia":[{"embeddable":true,"href":"https:\/\/tiendamaquetas.com\/index.php\/wp-json\/wp\/v2\/media\/4490"}],"wp:attachment":[{"href":"https:\/\/tiendamaquetas.com\/index.php\/wp-json\/wp\/v2\/media?parent=4386"}],"wp:term":[{"taxonomy":"pwb-brand","embeddable":true,"href":"https:\/\/tiendamaquetas.com\/index.php\/wp-json\/wp\/v2\/pwb-brand?post=4386"},{"taxonomy":"product_brand","embeddable":true,"href":"https:\/\/tiendamaquetas.com\/index.php\/wp-json\/wp\/v2\/product_brand?post=4386"},{"taxonomy":"product_cat","embeddable":true,"href":"https:\/\/tiendamaquetas.com\/index.php\/wp-json\/wp\/v2\/product_cat?post=4386"},{"taxonomy":"product_tag","embeddable":true,"href":"https:\/\/tiendamaquetas.com\/index.php\/wp-json\/wp\/v2\/product_tag?post=4386"}],"curies":[{"name":"wp","href":"https:\/\/api.w.org\/{rel}","templated":true}]}}