{"id":19840,"date":"2024-08-26T08:26:10","date_gmt":"2024-08-26T08:26:10","guid":{"rendered":"https:\/\/tiendamaquetas.com\/index.php\/producto\/maqueta-tamiya-24106-bmw-325i\/"},"modified":"2025-12-30T23:00:25","modified_gmt":"2025-12-30T23:00:25","slug":"maqueta-tamiya-24106-bmw-325i","status":"publish","type":"product","link":"https:\/\/tiendamaquetas.com\/index.php\/producto\/maqueta-tamiya-24106-bmw-325i\/","title":{"rendered":"Maqueta Tamiya 24106 BMW 325i"},"content":{"rendered":"\t\t<div data-elementor-type=\"wp-post\" data-elementor-id=\"19840\" class=\"elementor elementor-19840\">\n\t\t\t\t\t\t<section class=\"elementor-section elementor-top-section elementor-element elementor-element-a1c1c04 elementor-section-boxed elementor-section-height-default elementor-section-height-default\" data-id=\"a1c1c04\" data-element_type=\"section\" data-e-type=\"section\">\n\t\t\t\t\t\t<div class=\"elementor-container elementor-column-gap-default\">\n\t\t\t\t\t<div class=\"elementor-column elementor-col-100 elementor-top-column elementor-element elementor-element-421a7dad\" data-id=\"421a7dad\" data-element_type=\"column\" data-e-type=\"column\">\n\t\t\t<div class=\"elementor-widget-wrap elementor-element-populated\">\n\t\t\t\t\t\t<div class=\"elementor-element elementor-element-4a313b3b elementor-widget elementor-widget-text-editor\" data-id=\"4a313b3b\" data-element_type=\"widget\" data-e-type=\"widget\" data-widget_type=\"text-editor.default\">\n\t\t\t\t<div class=\"elementor-widget-container\">\n\t\t\t\t\t\t\t\t\tMaqueta Fabricante Tamiya 24106 BMW 325i escala 1\/24\t\t\t\t\t\t\t\t<\/div>\n\t\t\t\t<\/div>\n\t\t\t\t\t<\/div>\n\t\t<\/div>\n\t\t\t\t\t<\/div>\n\t\t<\/section>\n\t\t\t\t<section class=\"elementor-section elementor-top-section elementor-element elementor-element-cedd565 elementor-section-boxed elementor-section-height-default elementor-section-height-default\" data-id=\"cedd565\" data-element_type=\"section\" data-e-type=\"section\">\n\t\t\t\t\t\t<div class=\"elementor-container elementor-column-gap-default\">\n\t\t\t\t\t<div class=\"elementor-column elementor-col-100 elementor-top-column elementor-element elementor-element-08e35c6\" data-id=\"08e35c6\" data-element_type=\"column\" data-e-type=\"column\">\n\t\t\t<div class=\"elementor-widget-wrap elementor-element-populated\">\n\t\t\t\t\t\t<div class=\"elementor-element elementor-element-fddcf0e elementor-widget__width-initial elementor-widget elementor-widget-image\" data-id=\"fddcf0e\" data-element_type=\"widget\" data-e-type=\"widget\" data-widget_type=\"image.default\">\n\t\t\t\t<div class=\"elementor-widget-container\">\n\t\t\t\t\t\t\t\t\t\t\t\t\t\t\t<img fetchpriority=\"high\" decoding=\"async\" width=\"1024\" height=\"585\" src=\"https:\/\/tiendamaquetas.com\/wp-content\/uploads\/2024\/08\/BMW_325i_E36_front_sunny_highway_1440x720-1-1024x585.webp\" class=\"attachment-large size-large wp-image-19994\" alt=\"\" srcset=\"https:\/\/tiendamaquetas.com\/wp-content\/uploads\/2024\/08\/BMW_325i_E36_front_sunny_highway_1440x720-1-1024x585.webp 1024w, https:\/\/tiendamaquetas.com\/wp-content\/uploads\/2024\/08\/BMW_325i_E36_front_sunny_highway_1440x720-1-300x171.webp 300w, https:\/\/tiendamaquetas.com\/wp-content\/uploads\/2024\/08\/BMW_325i_E36_front_sunny_highway_1440x720-1-768x439.webp 768w, https:\/\/tiendamaquetas.com\/wp-content\/uploads\/2024\/08\/BMW_325i_E36_front_sunny_highway_1440x720-1-1536x878.webp 1536w, https:\/\/tiendamaquetas.com\/wp-content\/uploads\/2024\/08\/BMW_325i_E36_front_sunny_highway_1440x720-1-600x343.webp 600w, https:\/\/tiendamaquetas.com\/wp-content\/uploads\/2024\/08\/BMW_325i_E36_front_sunny_highway_1440x720-1.webp 1792w\" sizes=\"(max-width: 1024px) 100vw, 1024px\" \/>\t\t\t\t\t\t\t\t\t\t\t\t\t\t\t<\/div>\n\t\t\t\t<\/div>\n\t\t\t\t\t<\/div>\n\t\t<\/div>\n\t\t\t\t\t<\/div>\n\t\t<\/section>\n\t\t\t\t<section class=\"elementor-section elementor-top-section elementor-element elementor-element-2fa2bcf elementor-section-boxed elementor-section-height-default elementor-section-height-default\" data-id=\"2fa2bcf\" data-element_type=\"section\" data-e-type=\"section\">\n\t\t\t\t\t\t<div class=\"elementor-container elementor-column-gap-default\">\n\t\t\t\t\t<div class=\"elementor-column elementor-col-100 elementor-top-column elementor-element elementor-element-f5f5857\" data-id=\"f5f5857\" data-element_type=\"column\" data-e-type=\"column\">\n\t\t\t<div class=\"elementor-widget-wrap elementor-element-populated\">\n\t\t\t\t\t\t<div class=\"elementor-element elementor-element-2427309 elementor-widget elementor-widget-heading\" data-id=\"2427309\" data-element_type=\"widget\" data-e-type=\"widget\" data-widget_type=\"heading.default\">\n\t\t\t\t<div class=\"elementor-widget-container\">\n\t\t\t\t\t<h2 class=\"elementor-heading-title elementor-size-default\"><b>BMW Serie 3 E36 <br><\/b><br><u>Maqueta ic\u00f3nica del Automovilismo y el Modelismo<\/u><br><u>\n<\/u><br>\nEl <b>BMW <\/b>Serie 3 E36, disponible en tiendamaquetas.com, es una maqueta imprescindible para los amantes del automovilismo y el modelismo. Lanzado en 1990, este modelo es una de las generaciones m\u00e1s destacadas de BMW, con un dise\u00f1o aerodin\u00e1mico y una excelente ingenier\u00eda. Las versiones del E36, como el sed\u00e1n, coup\u00e9 y descapotable, ofrecen una experiencia \u00fanica de montaje y colecci\u00f3n para cualquier entusiasta del modelismo.\n\nCon motores que van desde los 1.6 litros hasta la potente versi\u00f3n M3 de 321 CV, esta maqueta captura la esencia de uno de los coches m\u00e1s ic\u00f3nicos. Ideal para coleccionistas y apasionados del modelismo automovil\u00edstico, la maqueta del BMW Serie 3 E36 te permite recrear un pedazo de la historia del automovilismo. \u00a1Desc\u00fabrela ahora en tiendamaquetas.com!\n\n<\/h2>\t\t\t\t<\/div>\n\t\t\t\t<\/div>\n\t\t\t\t\t<\/div>\n\t\t<\/div>\n\t\t\t\t\t<\/div>\n\t\t<\/section>\n\t\t\t\t<\/div>\n\t\t","protected":false},"excerpt":{"rendered":"<p>Tamiya Ref.24106 BMW 325i 1\/24<\/p>\n","protected":false},"featured_media":19841,"template":"","meta":{"site-sidebar-layout":"default","site-content-layout":"default","ast-site-content-layout":"default","site-content-style":"default","site-sidebar-style":"default","ast-global-header-display":"","ast-banner-title-visibility":"","ast-main-header-display":"","ast-hfb-above-header-display":"","ast-hfb-below-header-display":"","ast-hfb-mobile-header-display":"","site-post-title":"","ast-breadcrumbs-content":"","ast-featured-img":"","footer-sml-layout":"","ast-disable-related-posts":"","theme-transparent-header-meta":"default","adv-header-id-meta":"","stick-header-meta":"","header-above-stick-meta":"","header-main-stick-meta":"","header-below-stick-meta":"","astra-migrate-meta-layouts":"default","ast-page-background-enabled":"default","ast-page-background-meta":{"desktop":{"background-color":"","background-image":"","background-repeat":"repeat","background-position":"center center","background-size":"auto","background-attachment":"scroll","background-type":"","background-media":"","overlay-type":"","overlay-color":"","overlay-opacity":"","overlay-gradient":""},"tablet":{"background-color":"","background-image":"","background-repeat":"repeat","background-position":"center center","background-size":"auto","background-attachment":"scroll","background-type":"","background-media":"","overlay-type":"","overlay-color":"","overlay-opacity":"","overlay-gradient":""},"mobile":{"background-color":"","background-image":"","background-repeat":"repeat","background-position":"center center","background-size":"auto","background-attachment":"scroll","background-type":"","background-media":"","overlay-type":"","overlay-color":"","overlay-opacity":"","overlay-gradient":""}},"ast-content-background-meta":{"desktop":{"background-color":"var(--ast-global-color-5)","background-image":"","background-repeat":"repeat","background-position":"center center","background-size":"auto","background-attachment":"scroll","background-type":"","background-media":"","overlay-type":"","overlay-color":"","overlay-opacity":"","overlay-gradient":""},"tablet":{"background-color":"var(--ast-global-color-5)","background-image":"","background-repeat":"repeat","background-position":"center center","background-size":"auto","background-attachment":"scroll","background-type":"","background-media":"","overlay-type":"","overlay-color":"","overlay-opacity":"","overlay-gradient":""},"mobile":{"background-color":"var(--ast-global-color-5)","background-image":"","background-repeat":"repeat","background-position":"center center","background-size":"auto","background-attachment":"scroll","background-type":"","background-media":"","overlay-type":"","overlay-color":"","overlay-opacity":"","overlay-gradient":""}},"_joinchat":[]},"pwb-brand":[102],"product_brand":[],"product_cat":[129,130,131,113],"product_tag":[136,926,317],"class_list":{"0":"post-19840","1":"product","2":"type-product","3":"status-publish","4":"has-post-thumbnail","6":"pwb-brand-tamiya","7":"product_cat-civil","8":"product_cat-coches","9":"product_cat-coches-1-24","10":"product_cat-maquetas","11":"product_tag-alemania","12":"product_tag-bmw","13":"product_tag-coches","14":"desktop-align-left","15":"tablet-align-left","16":"mobile-align-left","18":"first","19":"outofstock","20":"taxable","21":"shipping-taxable","22":"purchasable","23":"product-type-simple"},"brands":[{"id":102,"name":"Tamiya","slug":"tamiya"}],"_links":{"self":[{"href":"https:\/\/tiendamaquetas.com\/index.php\/wp-json\/wp\/v2\/product\/19840","targetHints":{"allow":["GET"]}}],"collection":[{"href":"https:\/\/tiendamaquetas.com\/index.php\/wp-json\/wp\/v2\/product"}],"about":[{"href":"https:\/\/tiendamaquetas.com\/index.php\/wp-json\/wp\/v2\/types\/product"}],"version-history":[{"count":8,"href":"https:\/\/tiendamaquetas.com\/index.php\/wp-json\/wp\/v2\/product\/19840\/revisions"}],"predecessor-version":[{"id":19998,"href":"https:\/\/tiendamaquetas.com\/index.php\/wp-json\/wp\/v2\/product\/19840\/revisions\/19998"}],"wp:featuredmedia":[{"embeddable":true,"href":"https:\/\/tiendamaquetas.com\/index.php\/wp-json\/wp\/v2\/media\/19841"}],"wp:attachment":[{"href":"https:\/\/tiendamaquetas.com\/index.php\/wp-json\/wp\/v2\/media?parent=19840"}],"wp:term":[{"taxonomy":"pwb-brand","embeddable":true,"href":"https:\/\/tiendamaquetas.com\/index.php\/wp-json\/wp\/v2\/pwb-brand?post=19840"},{"taxonomy":"product_brand","embeddable":true,"href":"https:\/\/tiendamaquetas.com\/index.php\/wp-json\/wp\/v2\/product_brand?post=19840"},{"taxonomy":"product_cat","embeddable":true,"href":"https:\/\/tiendamaquetas.com\/index.php\/wp-json\/wp\/v2\/product_cat?post=19840"},{"taxonomy":"product_tag","embeddable":true,"href":"https:\/\/tiendamaquetas.com\/index.php\/wp-json\/wp\/v2\/product_tag?post=19840"}],"curies":[{"name":"wp","href":"https:\/\/api.w.org\/{rel}","templated":true}]}}