{"id":18939,"date":"2024-04-25T20:46:45","date_gmt":"2024-04-25T20:46:45","guid":{"rendered":"https:\/\/tiendamaquetas.com\/index.php\/producto\/maqueta-afv-club-af48006-sturmtiger-38cm-rw61-auf-sturmmorser-tiger\/"},"modified":"2026-01-04T18:31:26","modified_gmt":"2026-01-04T18:31:26","slug":"maqueta-afv-club-af48006-sturmtiger-38cm-rw61-auf-sturmmorser-tiger","status":"publish","type":"product","link":"https:\/\/tiendamaquetas.com\/index.php\/producto\/maqueta-afv-club-af48006-sturmtiger-38cm-rw61-auf-sturmmorser-tiger\/","title":{"rendered":"Maqueta AFV Club AF48006 Sturmtiger 38cm RW61 auf Sturmm\u00f6rser. Tiger"},"content":{"rendered":"<h1><strong>Maqueta Fabricante AFV Club AF48006<\/strong><\/h1>\n<h2>Sturmtiger 38cm RW61 auf Sturmm\u00f6rser. Tiger escala 1\/48<\/h2>\n<p>&nbsp;<\/p>\n<p><img fetchpriority=\"high\" decoding=\"async\" class=\" wp-image-20499\" src=\"http:\/\/tiendamaquetas.com\/wp-content\/uploads\/2024\/04\/\u041d\u0435\u043c\u0435\u0446\u043a\u0430\u044f_\u0421\u0410\u0423_Sturmtiger-300x225.jpg\" alt=\"\" width=\"669\" height=\"502\" srcset=\"https:\/\/tiendamaquetas.com\/wp-content\/uploads\/2024\/04\/\u041d\u0435\u043c\u0435\u0446\u043a\u0430\u044f_\u0421\u0410\u0423_Sturmtiger-300x225.jpg 300w, https:\/\/tiendamaquetas.com\/wp-content\/uploads\/2024\/04\/\u041d\u0435\u043c\u0435\u0446\u043a\u0430\u044f_\u0421\u0410\u0423_Sturmtiger-1024x768.jpg 1024w, https:\/\/tiendamaquetas.com\/wp-content\/uploads\/2024\/04\/\u041d\u0435\u043c\u0435\u0446\u043a\u0430\u044f_\u0421\u0410\u0423_Sturmtiger-768x576.jpg 768w, https:\/\/tiendamaquetas.com\/wp-content\/uploads\/2024\/04\/\u041d\u0435\u043c\u0435\u0446\u043a\u0430\u044f_\u0421\u0410\u0423_Sturmtiger-600x450.jpg 600w, https:\/\/tiendamaquetas.com\/wp-content\/uploads\/2024\/04\/\u041d\u0435\u043c\u0435\u0446\u043a\u0430\u044f_\u0421\u0410\u0423_Sturmtiger.jpg 1280w\" sizes=\"(max-width: 669px) 100vw, 669px\" \/><\/p>\n<p>&nbsp;<\/p>\n<p><span data-sheets-root=\"1\">Descubre la historia del Sturmtiger, el poderoso ca\u00f1\u00f3n de asalto pesado alem\u00e1n de la Segunda Guerra Mundial. Conocido oficialmente como Sturmm\u00f6rserwagen 606\/4 mit 38 cm RW 61, fue desarrollado para proporcionar apoyo de fuego pesado contra fortificaciones. Construido sobre el chasis del tanque Tiger I, este veh\u00edculo blindado se destac\u00f3 por su armamento masivo, entrando en servicio a partir de agosto de 1944.<\/p>\n<p>Datos T\u00e9cnicos<br \/>\nTipo: Ca\u00f1\u00f3n de asalto pesado<br \/>\nArmamento principal: Lanzacohetes RW 61 L\/5.4 de 380 mm (capacidad para 14 proyectiles)<br \/>\nArmamento secundario: 1 ametralladora MG 34 de 7.92 mm<br \/>\nPeso: 68 toneladas<br \/>\nTripulaci\u00f3n: 5<br \/>\nBlindaje m\u00e1ximo: 150 mm<br \/>\nMotor: Maybach HL230 P45 V-12<br \/>\nVelocidad m\u00e1xima: 40 km\/h<br \/>\nUnidades producidas: 18 (utilizando chasis reconstruidos de Tiger I)<\/span><\/p>\n","protected":false},"excerpt":{"rendered":"<p>AFV Club Ref.AF48006 Sturmtiger 38cm RW61 auf Sturmm\u00f6rser. Tiger 1\/48<\/p>\n","protected":false},"featured_media":18961,"template":"","meta":{"site-sidebar-layout":"default","site-content-layout":"default","ast-site-content-layout":"default","site-content-style":"default","site-sidebar-style":"default","ast-global-header-display":"","ast-banner-title-visibility":"","ast-main-header-display":"","ast-hfb-above-header-display":"","ast-hfb-below-header-display":"","ast-hfb-mobile-header-display":"","site-post-title":"","ast-breadcrumbs-content":"","ast-featured-img":"","footer-sml-layout":"","ast-disable-related-posts":"","theme-transparent-header-meta":"default","adv-header-id-meta":"","stick-header-meta":"","header-above-stick-meta":"","header-main-stick-meta":"","header-below-stick-meta":"","astra-migrate-meta-layouts":"set","ast-page-background-enabled":"default","ast-page-background-meta":{"desktop":{"background-color":"","background-image":"","background-repeat":"repeat","background-position":"center center","background-size":"auto","background-attachment":"scroll","background-type":"","background-media":"","overlay-type":"","overlay-color":"","overlay-opacity":"","overlay-gradient":""},"tablet":{"background-color":"","background-image":"","background-repeat":"repeat","background-position":"center center","background-size":"auto","background-attachment":"scroll","background-type":"","background-media":"","overlay-type":"","overlay-color":"","overlay-opacity":"","overlay-gradient":""},"mobile":{"background-color":"","background-image":"","background-repeat":"repeat","background-position":"center center","background-size":"auto","background-attachment":"scroll","background-type":"","background-media":"","overlay-type":"","overlay-color":"","overlay-opacity":"","overlay-gradient":""}},"ast-content-background-meta":{"desktop":{"background-color":"var(--ast-global-color-5)","background-image":"","background-repeat":"repeat","background-position":"center center","background-size":"auto","background-attachment":"scroll","background-type":"","background-media":"","overlay-type":"","overlay-color":"","overlay-opacity":"","overlay-gradient":""},"tablet":{"background-color":"var(--ast-global-color-5)","background-image":"","background-repeat":"repeat","background-position":"center center","background-size":"auto","background-attachment":"scroll","background-type":"","background-media":"","overlay-type":"","overlay-color":"","overlay-opacity":"","overlay-gradient":""},"mobile":{"background-color":"var(--ast-global-color-5)","background-image":"","background-repeat":"repeat","background-position":"center center","background-size":"auto","background-attachment":"scroll","background-type":"","background-media":"","overlay-type":"","overlay-color":"","overlay-opacity":"","overlay-gradient":""}},"_joinchat":[]},"pwb-brand":[37],"product_brand":[],"product_cat":[113,133,134,295],"product_tag":[136,138],"class_list":{"0":"post-18939","1":"product","2":"type-product","3":"status-publish","4":"has-post-thumbnail","6":"pwb-brand-afv-club","7":"product_cat-maquetas","8":"product_cat-militar","9":"product_cat-vehiculos-militares-terrestres","10":"product_cat-vehiculos-militares-terrestres-1-48","11":"product_tag-alemania","12":"product_tag-wwii","13":"desktop-align-left","14":"tablet-align-left","15":"mobile-align-left","17":"first","18":"instock","19":"taxable","20":"shipping-taxable","21":"purchasable","22":"product-type-simple"},"brands":[{"id":37,"name":"AFV Club","slug":"afv-club"}],"_links":{"self":[{"href":"https:\/\/tiendamaquetas.com\/index.php\/wp-json\/wp\/v2\/product\/18939","targetHints":{"allow":["GET"]}}],"collection":[{"href":"https:\/\/tiendamaquetas.com\/index.php\/wp-json\/wp\/v2\/product"}],"about":[{"href":"https:\/\/tiendamaquetas.com\/index.php\/wp-json\/wp\/v2\/types\/product"}],"version-history":[{"count":3,"href":"https:\/\/tiendamaquetas.com\/index.php\/wp-json\/wp\/v2\/product\/18939\/revisions"}],"predecessor-version":[{"id":20498,"href":"https:\/\/tiendamaquetas.com\/index.php\/wp-json\/wp\/v2\/product\/18939\/revisions\/20498"}],"wp:featuredmedia":[{"embeddable":true,"href":"https:\/\/tiendamaquetas.com\/index.php\/wp-json\/wp\/v2\/media\/18961"}],"wp:attachment":[{"href":"https:\/\/tiendamaquetas.com\/index.php\/wp-json\/wp\/v2\/media?parent=18939"}],"wp:term":[{"taxonomy":"pwb-brand","embeddable":true,"href":"https:\/\/tiendamaquetas.com\/index.php\/wp-json\/wp\/v2\/pwb-brand?post=18939"},{"taxonomy":"product_brand","embeddable":true,"href":"https:\/\/tiendamaquetas.com\/index.php\/wp-json\/wp\/v2\/product_brand?post=18939"},{"taxonomy":"product_cat","embeddable":true,"href":"https:\/\/tiendamaquetas.com\/index.php\/wp-json\/wp\/v2\/product_cat?post=18939"},{"taxonomy":"product_tag","embeddable":true,"href":"https:\/\/tiendamaquetas.com\/index.php\/wp-json\/wp\/v2\/product_tag?post=18939"}],"curies":[{"name":"wp","href":"https:\/\/api.w.org\/{rel}","templated":true}]}}