{"id":18719,"date":"2024-04-18T21:33:29","date_gmt":"2024-04-18T21:33:29","guid":{"rendered":"https:\/\/tiendamaquetas.com\/index.php\/producto\/maqueta-hasegawa-02605-mirage-f-1c\/"},"modified":"2026-01-09T10:44:46","modified_gmt":"2026-01-09T10:44:46","slug":"maqueta-hasegawa-02605-mirage-f-1c","status":"publish","type":"product","link":"https:\/\/tiendamaquetas.com\/index.php\/producto\/maqueta-hasegawa-02605-mirage-f-1c\/","title":{"rendered":"Maqueta Hasegawa 02605 Mirage F.1C"},"content":{"rendered":"<h1>Maqueta Fabricante Hasegawa 02605<\/h1>\n<h2>Mirage F.1C escala 1\/72<\/h2>\n<p><img fetchpriority=\"high\" decoding=\"async\" class=\"alignnone wp-image-20561\" title=\"Hasegawa 02605\" src=\"http:\/\/tiendamaquetas.com\/wp-content\/uploads\/2024\/04\/Ejercito_del_Aire_Mirage_F.1M-300x191.jpg\" alt=\"Hasegawa 02605\" width=\"617\" height=\"393\" srcset=\"https:\/\/tiendamaquetas.com\/wp-content\/uploads\/2024\/04\/Ejercito_del_Aire_Mirage_F.1M-300x191.jpg 300w, https:\/\/tiendamaquetas.com\/wp-content\/uploads\/2024\/04\/Ejercito_del_Aire_Mirage_F.1M-1024x651.jpg 1024w, https:\/\/tiendamaquetas.com\/wp-content\/uploads\/2024\/04\/Ejercito_del_Aire_Mirage_F.1M-768x488.jpg 768w, https:\/\/tiendamaquetas.com\/wp-content\/uploads\/2024\/04\/Ejercito_del_Aire_Mirage_F.1M-1536x976.jpg 1536w, https:\/\/tiendamaquetas.com\/wp-content\/uploads\/2024\/04\/Ejercito_del_Aire_Mirage_F.1M-2048x1302.jpg 2048w, https:\/\/tiendamaquetas.com\/wp-content\/uploads\/2024\/04\/Ejercito_del_Aire_Mirage_F.1M-600x381.jpg 600w\" sizes=\"(max-width: 617px) 100vw, 617px\" \/><\/p>\n<p>&nbsp;<\/p>\n<p><span data-sheets-root=\"1\">El Mirage F1 es un ic\u00f3nico avi\u00f3n de caza y ataque de tercera generaci\u00f3n, dise\u00f1ado y construido por la empresa francesa Dassault Aviation. Su desarrollo fue crucial para el Ej\u00e9rcito del Aire Franc\u00e9s y muchas fuerzas a\u00e9reas internacionales, destacando por su versatilidad y rendimiento en combate.<\/span><\/p>\n<p>Contexto Hist\u00f3rico<\/p>\n<p>El Mirage F1 realiz\u00f3 su primer vuelo el 23 de diciembre de 1966 y fue introducido en 1973. Fue concebido como el sucesor de la serie Mirage III, incorporando un ala en flecha y un estabilizador horizontal tradicional en lugar del ala delta, lo que le permit\u00eda una mayor maniobrabilidad y capacidad para operar desde pistas m\u00e1s cortas. Este caza de superioridad a\u00e9rea y ataque fue un pilar de la defensa a\u00e9rea francesa y se export\u00f3 a m\u00e1s de una docena de pa\u00edses, participando en numerosos conflictos alrededor del mundo.<\/p>\n<p>Datos T\u00e9cnicos (Modelo F1 C)<\/p>\n<p>Tipo: Avi\u00f3n de caza, interceptor y ataque a tierra<br \/>\nFabricante: Dassault Aviation<br \/>\nMotor: Snecma Atar 9 K 50<br \/>\nVelocidad M\u00e1xima: Mayor a Mach 2<br \/>\nTecho de Servicio: 18.500 m \/ 60.700 ft<br \/>\nLongitud: 15 m<br \/>\nEnvergadura: 8.40 m<br \/>\nPeso en Vac\u00edo: 7.400 kg<br \/>\nArmamento: Estaba equipado con ca\u00f1ones DEFA y pod\u00eda llevar una amplia gama de misiles aire-aire (como el Super 530F-1 y el Magic II) y misiles aire-superficie, adem\u00e1s de bombas.<\/p>\n","protected":false},"excerpt":{"rendered":"<p>Hasegawa Ref.02605 Mirage F.1C 1\/72<\/p>\n","protected":false},"featured_media":18728,"template":"","meta":{"site-sidebar-layout":"default","site-content-layout":"default","ast-site-content-layout":"default","site-content-style":"default","site-sidebar-style":"default","ast-global-header-display":"","ast-banner-title-visibility":"","ast-main-header-display":"","ast-hfb-above-header-display":"","ast-hfb-below-header-display":"","ast-hfb-mobile-header-display":"","site-post-title":"","ast-breadcrumbs-content":"","ast-featured-img":"","footer-sml-layout":"","ast-disable-related-posts":"","theme-transparent-header-meta":"default","adv-header-id-meta":"","stick-header-meta":"","header-above-stick-meta":"","header-main-stick-meta":"","header-below-stick-meta":"","astra-migrate-meta-layouts":"set","ast-page-background-enabled":"default","ast-page-background-meta":{"desktop":{"background-color":"","background-image":"","background-repeat":"repeat","background-position":"center center","background-size":"auto","background-attachment":"scroll","background-type":"","background-media":"","overlay-type":"","overlay-color":"","overlay-opacity":"","overlay-gradient":""},"tablet":{"background-color":"","background-image":"","background-repeat":"repeat","background-position":"center center","background-size":"auto","background-attachment":"scroll","background-type":"","background-media":"","overlay-type":"","overlay-color":"","overlay-opacity":"","overlay-gradient":""},"mobile":{"background-color":"","background-image":"","background-repeat":"repeat","background-position":"center center","background-size":"auto","background-attachment":"scroll","background-type":"","background-media":"","overlay-type":"","overlay-color":"","overlay-opacity":"","overlay-gradient":""}},"ast-content-background-meta":{"desktop":{"background-color":"var(--ast-global-color-5)","background-image":"","background-repeat":"repeat","background-position":"center center","background-size":"auto","background-attachment":"scroll","background-type":"","background-media":"","overlay-type":"","overlay-color":"","overlay-opacity":"","overlay-gradient":""},"tablet":{"background-color":"var(--ast-global-color-5)","background-image":"","background-repeat":"repeat","background-position":"center center","background-size":"auto","background-attachment":"scroll","background-type":"","background-media":"","overlay-type":"","overlay-color":"","overlay-opacity":"","overlay-gradient":""},"mobile":{"background-color":"var(--ast-global-color-5)","background-image":"","background-repeat":"repeat","background-position":"center center","background-size":"auto","background-attachment":"scroll","background-type":"","background-media":"","overlay-type":"","overlay-color":"","overlay-opacity":"","overlay-gradient":""}},"_joinchat":[]},"pwb-brand":[60],"product_brand":[],"product_cat":[160,161,517,548,113,133],"product_tag":[205,144,229],"class_list":{"0":"post-18719","1":"product","2":"type-product","3":"status-publish","4":"has-post-thumbnail","6":"pwb-brand-hasegawa","7":"product_cat-aviacion-militar","8":"product_cat-aviacion-militar-1-72","9":"product_cat-equipamiento-militar","10":"product_cat-equipamiento-militar-1-72","11":"product_cat-maquetas","12":"product_cat-militar","13":"product_tag-francia","14":"product_tag-moderno","15":"product_tag-reactores","16":"desktop-align-left","17":"tablet-align-left","18":"mobile-align-left","20":"first","21":"instock","22":"taxable","23":"shipping-taxable","24":"purchasable","25":"product-type-simple"},"brands":[{"id":60,"name":"Hasegawa","slug":"hasegawa"}],"_links":{"self":[{"href":"https:\/\/tiendamaquetas.com\/index.php\/wp-json\/wp\/v2\/product\/18719","targetHints":{"allow":["GET"]}}],"collection":[{"href":"https:\/\/tiendamaquetas.com\/index.php\/wp-json\/wp\/v2\/product"}],"about":[{"href":"https:\/\/tiendamaquetas.com\/index.php\/wp-json\/wp\/v2\/types\/product"}],"version-history":[{"count":4,"href":"https:\/\/tiendamaquetas.com\/index.php\/wp-json\/wp\/v2\/product\/18719\/revisions"}],"predecessor-version":[{"id":20563,"href":"https:\/\/tiendamaquetas.com\/index.php\/wp-json\/wp\/v2\/product\/18719\/revisions\/20563"}],"wp:featuredmedia":[{"embeddable":true,"href":"https:\/\/tiendamaquetas.com\/index.php\/wp-json\/wp\/v2\/media\/18728"}],"wp:attachment":[{"href":"https:\/\/tiendamaquetas.com\/index.php\/wp-json\/wp\/v2\/media?parent=18719"}],"wp:term":[{"taxonomy":"pwb-brand","embeddable":true,"href":"https:\/\/tiendamaquetas.com\/index.php\/wp-json\/wp\/v2\/pwb-brand?post=18719"},{"taxonomy":"product_brand","embeddable":true,"href":"https:\/\/tiendamaquetas.com\/index.php\/wp-json\/wp\/v2\/product_brand?post=18719"},{"taxonomy":"product_cat","embeddable":true,"href":"https:\/\/tiendamaquetas.com\/index.php\/wp-json\/wp\/v2\/product_cat?post=18719"},{"taxonomy":"product_tag","embeddable":true,"href":"https:\/\/tiendamaquetas.com\/index.php\/wp-json\/wp\/v2\/product_tag?post=18719"}],"curies":[{"name":"wp","href":"https:\/\/api.w.org\/{rel}","templated":true}]}}