{"id":12856,"date":"2023-05-18T15:48:17","date_gmt":"2023-05-18T15:48:17","guid":{"rendered":"https:\/\/tiendamaquetas.com\/index.php\/producto\/ferrari-f40-yellow\/"},"modified":"2024-08-16T06:22:16","modified_gmt":"2024-08-16T06:22:16","slug":"ferrari-f40-yellow","status":"publish","type":"product","link":"https:\/\/tiendamaquetas.com\/index.php\/producto\/ferrari-f40-yellow\/","title":{"rendered":"Maqueta Fujimi Ferrari F40 Yellow"},"content":{"rendered":"\t\t<div data-elementor-type=\"wp-post\" data-elementor-id=\"12856\" class=\"elementor elementor-12856\">\n\t\t\t\t\t\t<section class=\"elementor-section elementor-top-section elementor-element elementor-element-2e44e933 elementor-section-boxed elementor-section-height-default elementor-section-height-default\" data-id=\"2e44e933\" data-element_type=\"section\" data-e-type=\"section\">\n\t\t\t\t\t\t<div class=\"elementor-container elementor-column-gap-default\">\n\t\t\t\t\t<div class=\"elementor-column elementor-col-100 elementor-top-column elementor-element elementor-element-2a1d6728\" data-id=\"2a1d6728\" data-element_type=\"column\" data-e-type=\"column\">\n\t\t\t<div class=\"elementor-widget-wrap elementor-element-populated\">\n\t\t\t\t\t\t<div class=\"elementor-element elementor-element-71a17cd8 elementor-widget elementor-widget-text-editor\" data-id=\"71a17cd8\" data-element_type=\"widget\" data-e-type=\"widget\" data-widget_type=\"text-editor.default\">\n\t\t\t\t<div class=\"elementor-widget-container\">\n\t\t\t\t\t\t\t\t\tMaqueta Fabricante Fujimi Ref.12046 Ferrari F40 Yellow escala 1\/24\t\t\t\t\t\t\t\t<\/div>\n\t\t\t\t<\/div>\n\t\t\t\t\t<\/div>\n\t\t<\/div>\n\t\t\t\t\t<\/div>\n\t\t<\/section>\n\t\t\t\t<section class=\"elementor-section elementor-top-section elementor-element elementor-element-87a04fd elementor-section-boxed elementor-section-height-default elementor-section-height-default\" data-id=\"87a04fd\" data-element_type=\"section\" data-e-type=\"section\">\n\t\t\t\t\t\t<div class=\"elementor-container elementor-column-gap-default\">\n\t\t\t\t\t<div class=\"elementor-column elementor-col-100 elementor-top-column elementor-element elementor-element-27afae0\" data-id=\"27afae0\" data-element_type=\"column\" data-e-type=\"column\">\n\t\t\t<div class=\"elementor-widget-wrap elementor-element-populated\">\n\t\t\t\t\t\t<div class=\"elementor-element elementor-element-8e8d812 elementor-widget elementor-widget-heading\" data-id=\"8e8d812\" data-element_type=\"widget\" data-e-type=\"widget\" data-widget_type=\"heading.default\">\n\t\t\t\t<div class=\"elementor-widget-container\">\n\t\t\t\t\t<h2 class=\"elementor-heading-title elementor-size-default\">Ferrari F40 Yellow<\/h2>\t\t\t\t<\/div>\n\t\t\t\t<\/div>\n\t\t\t\t<div class=\"elementor-element elementor-element-d66c36d elementor-widget elementor-widget-image\" data-id=\"d66c36d\" data-element_type=\"widget\" data-e-type=\"widget\" data-widget_type=\"image.default\">\n\t\t\t\t<div class=\"elementor-widget-container\">\n\t\t\t\t\t\t\t\t\t\t\t\t\t\t\t<img fetchpriority=\"high\" decoding=\"async\" width=\"694\" height=\"520\" src=\"https:\/\/tiendamaquetas.com\/wp-content\/uploads\/2023\/05\/ferrari-f40-amarillo-brunei-201628995_10.jpg\" class=\"attachment-large size-large wp-image-12930\" alt=\"\" srcset=\"https:\/\/tiendamaquetas.com\/wp-content\/uploads\/2023\/05\/ferrari-f40-amarillo-brunei-201628995_10.jpg 694w, https:\/\/tiendamaquetas.com\/wp-content\/uploads\/2023\/05\/ferrari-f40-amarillo-brunei-201628995_10-300x225.jpg 300w, https:\/\/tiendamaquetas.com\/wp-content\/uploads\/2023\/05\/ferrari-f40-amarillo-brunei-201628995_10-600x450.jpg 600w\" sizes=\"(max-width: 694px) 100vw, 694px\" \/>\t\t\t\t\t\t\t\t\t\t\t\t\t\t\t<\/div>\n\t\t\t\t<\/div>\n\t\t\t\t<div class=\"elementor-element elementor-element-97dada3 elementor-widget elementor-widget-text-editor\" data-id=\"97dada3\" data-element_type=\"widget\" data-e-type=\"widget\" data-widget_type=\"text-editor.default\">\n\t\t\t\t<div class=\"elementor-widget-container\">\n\t\t\t\t\t\t\t\t\t<p><span style=\"color: #374151; font-family: S\u00f6hne, ui-sans-serif, system-ui, -apple-system, 'Segoe UI', Roboto, Ubuntu, Cantarell, 'Noto Sans', sans-serif, 'Helvetica Neue', Arial, 'Apple Color Emoji', 'Segoe UI Emoji', 'Segoe UI Symbol', 'Noto Color Emoji'; font-size: 16px; font-style: normal; font-weight: 400; white-space: pre-wrap; background-color: #f7f7f8;\">El Ferrari F40 Yellow tiene una historia fascinante que refleja la pasi\u00f3n y la exclusividad de la legendaria marca italiana. Lanzado en 1987 para conmemorar el 40 aniversario de Ferrari, el F40 se convirti\u00f3 en un s\u00edmbolo de rendimiento y estilo. Esta versi\u00f3n en color amarillo, una de las m\u00e1s codiciadas, destaca por su llamativa apariencia y su motor V8 de 2.9 litros, capaz de alcanzar velocidades incre\u00edbles. El Ferrari F40 Yellow es una joya atemporal que encarna el esp\u00edritu audaz y la excelencia automotriz de la ic\u00f3nica casa de Maranello.<\/span><\/p>\t\t\t\t\t\t\t\t<\/div>\n\t\t\t\t<\/div>\n\t\t\t\t\t<\/div>\n\t\t<\/div>\n\t\t\t\t\t<\/div>\n\t\t<\/section>\n\t\t\t\t<\/div>\n\t\t","protected":false},"excerpt":{"rendered":"<p>Fujimi Ref.12046 Ferrari F40 Yellow 1\/24<\/p>\n","protected":false},"featured_media":12877,"template":"","meta":{"site-sidebar-layout":"default","site-content-layout":"default","ast-site-content-layout":"default","site-content-style":"default","site-sidebar-style":"default","ast-global-header-display":"","ast-banner-title-visibility":"","ast-main-header-display":"","ast-hfb-above-header-display":"","ast-hfb-below-header-display":"","ast-hfb-mobile-header-display":"","site-post-title":"","ast-breadcrumbs-content":"","ast-featured-img":"","footer-sml-layout":"","ast-disable-related-posts":"","theme-transparent-header-meta":"default","adv-header-id-meta":"","stick-header-meta":"","header-above-stick-meta":"","header-main-stick-meta":"","header-below-stick-meta":"","astra-migrate-meta-layouts":"default","ast-page-background-enabled":"default","ast-page-background-meta":{"desktop":{"background-color":"","background-image":"","background-repeat":"repeat","background-position":"center center","background-size":"auto","background-attachment":"scroll","background-type":"","background-media":"","overlay-type":"","overlay-color":"","overlay-opacity":"","overlay-gradient":""},"tablet":{"background-color":"","background-image":"","background-repeat":"repeat","background-position":"center center","background-size":"auto","background-attachment":"scroll","background-type":"","background-media":"","overlay-type":"","overlay-color":"","overlay-opacity":"","overlay-gradient":""},"mobile":{"background-color":"","background-image":"","background-repeat":"repeat","background-position":"center center","background-size":"auto","background-attachment":"scroll","background-type":"","background-media":"","overlay-type":"","overlay-color":"","overlay-opacity":"","overlay-gradient":""}},"ast-content-background-meta":{"desktop":{"background-color":"var(--ast-global-color-5)","background-image":"","background-repeat":"repeat","background-position":"center center","background-size":"auto","background-attachment":"scroll","background-type":"","background-media":"","overlay-type":"","overlay-color":"","overlay-opacity":"","overlay-gradient":""},"tablet":{"background-color":"var(--ast-global-color-5)","background-image":"","background-repeat":"repeat","background-position":"center center","background-size":"auto","background-attachment":"scroll","background-type":"","background-media":"","overlay-type":"","overlay-color":"","overlay-opacity":"","overlay-gradient":""},"mobile":{"background-color":"var(--ast-global-color-5)","background-image":"","background-repeat":"repeat","background-position":"center center","background-size":"auto","background-attachment":"scroll","background-type":"","background-media":"","overlay-type":"","overlay-color":"","overlay-opacity":"","overlay-gradient":""}},"_joinchat":[]},"pwb-brand":[57],"product_brand":[],"product_cat":[129,130,131,113],"product_tag":[317,132,165],"class_list":{"0":"post-12856","1":"product","2":"type-product","3":"status-publish","4":"has-post-thumbnail","6":"pwb-brand-fujimi","7":"product_cat-civil","8":"product_cat-coches","9":"product_cat-coches-1-24","10":"product_cat-maquetas","11":"product_tag-coches","12":"product_tag-ferrari","13":"product_tag-italia","14":"desktop-align-left","15":"tablet-align-left","16":"mobile-align-left","18":"first","19":"outofstock","20":"taxable","21":"shipping-taxable","22":"purchasable","23":"product-type-simple"},"brands":[{"id":57,"name":"Fujimi","slug":"fujimi"}],"_links":{"self":[{"href":"https:\/\/tiendamaquetas.com\/index.php\/wp-json\/wp\/v2\/product\/12856","targetHints":{"allow":["GET"]}}],"collection":[{"href":"https:\/\/tiendamaquetas.com\/index.php\/wp-json\/wp\/v2\/product"}],"about":[{"href":"https:\/\/tiendamaquetas.com\/index.php\/wp-json\/wp\/v2\/types\/product"}],"version-history":[{"count":6,"href":"https:\/\/tiendamaquetas.com\/index.php\/wp-json\/wp\/v2\/product\/12856\/revisions"}],"predecessor-version":[{"id":17620,"href":"https:\/\/tiendamaquetas.com\/index.php\/wp-json\/wp\/v2\/product\/12856\/revisions\/17620"}],"wp:featuredmedia":[{"embeddable":true,"href":"https:\/\/tiendamaquetas.com\/index.php\/wp-json\/wp\/v2\/media\/12877"}],"wp:attachment":[{"href":"https:\/\/tiendamaquetas.com\/index.php\/wp-json\/wp\/v2\/media?parent=12856"}],"wp:term":[{"taxonomy":"pwb-brand","embeddable":true,"href":"https:\/\/tiendamaquetas.com\/index.php\/wp-json\/wp\/v2\/pwb-brand?post=12856"},{"taxonomy":"product_brand","embeddable":true,"href":"https:\/\/tiendamaquetas.com\/index.php\/wp-json\/wp\/v2\/product_brand?post=12856"},{"taxonomy":"product_cat","embeddable":true,"href":"https:\/\/tiendamaquetas.com\/index.php\/wp-json\/wp\/v2\/product_cat?post=12856"},{"taxonomy":"product_tag","embeddable":true,"href":"https:\/\/tiendamaquetas.com\/index.php\/wp-json\/wp\/v2\/product_tag?post=12856"}],"curies":[{"name":"wp","href":"https:\/\/api.w.org\/{rel}","templated":true}]}}