{"id":12600,"date":"2023-03-24T10:27:24","date_gmt":"2023-03-24T10:27:24","guid":{"rendered":"https:\/\/tiendamaquetas.com\/index.php\/producto\/u-s-101st-air-assault-screaming-eagles\/"},"modified":"2026-01-03T22:14:18","modified_gmt":"2026-01-03T22:14:18","slug":"u-s-101st-air-assault-screaming-eagles","status":"publish","type":"product","link":"https:\/\/tiendamaquetas.com\/index.php\/producto\/u-s-101st-air-assault-screaming-eagles\/","title":{"rendered":"Maqueta Dragon U.S. 101st Air Assault &#8216;Screaming Eagles&#8217;"},"content":{"rendered":"<h1><strong>Maqueta Fabricante Dragon Ref.3011<\/strong><\/h1>\n<h2>U.S. 101st Air Assault &#8216;Screaming Eagles&#8217; escala 1\/35<\/h2>\n<p>&nbsp;<\/p>\n<p><img fetchpriority=\"high\" decoding=\"async\" class=\"alignnone  wp-image-20476\" src=\"http:\/\/tiendamaquetas.com\/wp-content\/uploads\/2023\/03\/mil-screaming-eagle-army-1200-300x200.jpg\" alt=\"\" width=\"617\" height=\"411\" srcset=\"https:\/\/tiendamaquetas.com\/wp-content\/uploads\/2023\/03\/mil-screaming-eagle-army-1200-300x200.jpg 300w, https:\/\/tiendamaquetas.com\/wp-content\/uploads\/2023\/03\/mil-screaming-eagle-army-1200-600x400.jpg 600w, https:\/\/tiendamaquetas.com\/wp-content\/uploads\/2023\/03\/mil-screaming-eagle-army-1200.jpg 621w\" sizes=\"(max-width: 617px) 100vw, 617px\" \/><\/p>\n<p><span data-sheets-root=\"1\">Descubre la historia de la legendaria 101\u00aa Divisi\u00f3n Aerotransportada del Ej\u00e9rcito de los Estados Unidos, tambi\u00e9n conocidos como los \u00abScreaming Eagles\u00bb. Esta divisi\u00f3n de infanter\u00eda ligera se especializa en operaciones de asalto a\u00e9reo y es reconocida por su capacidad inigualable para ejecutar misiones de combate y contingencia en cualquier parte del mundo.<\/p>\n<p>**Contexto Hist\u00f3rico y Unidad**<\/p>\n<p>Establecida en 1918 y constituida como unidad aerotransportada en 1942, la 101\u00aa Divisi\u00f3n Aerotransportada ha jugado un papel crucial en la historia militar moderna. Sus paracaidistas (\u00abpathfinders\u00bb) lideraron el camino en el D\u00eda D, siendo de los primeros soldados aliados en pisar la Francia ocupada el 6 de junio de 1944.<\/p>\n<p>A lo largo de su historia, los \u00abScreaming Eagles\u00bb han demostrado su valor en m\u00faltiples conflictos, incluyendo la Segunda Guerra Mundial, la Guerra de Vietnam (donde se ganaron el apodo de \u00ablos n\u00f3madas de Vietnam\u00bb), y operaciones m\u00e1s recientes de defensa interna y contraterrorismo en Irak y Afganist\u00e1n. Su apodo y el \u00e1guila calva en su insignia reflejan su lema, \u00abRendezvous With Destiny\u00bb.<\/p>\n<p>**Unidad de Combate**<\/p>\n<p>La 101\u00aa Divisi\u00f3n Aerotransportada (Asalto A\u00e9reo) es una de las divisiones m\u00e1s distinguidas del Ej\u00e9rcito de los EE. UU. Tiene su base en Fort Campbell, Kentucky, y es conocida por su intensa capacitaci\u00f3n y su capacidad para proyectar fuerza r\u00e1pidamente. Sus soldados encarnan el esp\u00edritu de lucha y el compromiso con la misi\u00f3n que ha caracterizado a los \u00abScreaming Eagles\u00bb a trav\u00e9s de las d\u00e9cadas.<\/span><\/p>\n","protected":false},"excerpt":{"rendered":"<p>Dragon Ref.3011 U.S. 101st Air Assault &#8216;Screaming Eagles&#8217; 1\/35<\/p>\n","protected":false},"featured_media":12721,"template":"","meta":{"site-sidebar-layout":"default","site-content-layout":"default","ast-site-content-layout":"default","site-content-style":"default","site-sidebar-style":"default","ast-global-header-display":"","ast-banner-title-visibility":"","ast-main-header-display":"","ast-hfb-above-header-display":"","ast-hfb-below-header-display":"","ast-hfb-mobile-header-display":"","site-post-title":"","ast-breadcrumbs-content":"","ast-featured-img":"","footer-sml-layout":"","ast-disable-related-posts":"","theme-transparent-header-meta":"default","adv-header-id-meta":"","stick-header-meta":"","header-above-stick-meta":"","header-main-stick-meta":"","header-below-stick-meta":"","astra-migrate-meta-layouts":"set","ast-page-background-enabled":"default","ast-page-background-meta":{"desktop":{"background-color":"","background-image":"","background-repeat":"repeat","background-position":"center center","background-size":"auto","background-attachment":"scroll","background-type":"","background-media":"","overlay-type":"","overlay-color":"","overlay-opacity":"","overlay-gradient":""},"tablet":{"background-color":"","background-image":"","background-repeat":"repeat","background-position":"center center","background-size":"auto","background-attachment":"scroll","background-type":"","background-media":"","overlay-type":"","overlay-color":"","overlay-opacity":"","overlay-gradient":""},"mobile":{"background-color":"","background-image":"","background-repeat":"repeat","background-position":"center center","background-size":"auto","background-attachment":"scroll","background-type":"","background-media":"","overlay-type":"","overlay-color":"","overlay-opacity":"","overlay-gradient":""}},"ast-content-background-meta":{"desktop":{"background-color":"var(--ast-global-color-5)","background-image":"","background-repeat":"repeat","background-position":"center center","background-size":"auto","background-attachment":"scroll","background-type":"","background-media":"","overlay-type":"","overlay-color":"","overlay-opacity":"","overlay-gradient":""},"tablet":{"background-color":"var(--ast-global-color-5)","background-image":"","background-repeat":"repeat","background-position":"center center","background-size":"auto","background-attachment":"scroll","background-type":"","background-media":"","overlay-type":"","overlay-color":"","overlay-opacity":"","overlay-gradient":""},"mobile":{"background-color":"var(--ast-global-color-5)","background-image":"","background-repeat":"repeat","background-position":"center center","background-size":"auto","background-attachment":"scroll","background-type":"","background-media":"","overlay-type":"","overlay-color":"","overlay-opacity":"","overlay-gradient":""}},"_joinchat":[]},"pwb-brand":[52],"product_brand":[],"product_cat":[180,181,113,133],"product_tag":[883,144,150],"class_list":{"0":"post-12600","1":"product","2":"type-product","3":"status-publish","4":"has-post-thumbnail","6":"pwb-brand-dragon","7":"product_cat-figuras-militares","8":"product_cat-figuras-militares-1-35","9":"product_cat-maquetas","10":"product_cat-militar","11":"product_tag-fuerzas-especiales","12":"product_tag-moderno","13":"product_tag-usa","14":"desktop-align-left","15":"tablet-align-left","16":"mobile-align-left","18":"first","19":"instock","20":"taxable","21":"shipping-taxable","22":"purchasable","23":"product-type-simple"},"brands":[{"id":52,"name":"Dragon","slug":"dragon"}],"_links":{"self":[{"href":"https:\/\/tiendamaquetas.com\/index.php\/wp-json\/wp\/v2\/product\/12600","targetHints":{"allow":["GET"]}}],"collection":[{"href":"https:\/\/tiendamaquetas.com\/index.php\/wp-json\/wp\/v2\/product"}],"about":[{"href":"https:\/\/tiendamaquetas.com\/index.php\/wp-json\/wp\/v2\/types\/product"}],"version-history":[{"count":5,"href":"https:\/\/tiendamaquetas.com\/index.php\/wp-json\/wp\/v2\/product\/12600\/revisions"}],"predecessor-version":[{"id":20475,"href":"https:\/\/tiendamaquetas.com\/index.php\/wp-json\/wp\/v2\/product\/12600\/revisions\/20475"}],"wp:featuredmedia":[{"embeddable":true,"href":"https:\/\/tiendamaquetas.com\/index.php\/wp-json\/wp\/v2\/media\/12721"}],"wp:attachment":[{"href":"https:\/\/tiendamaquetas.com\/index.php\/wp-json\/wp\/v2\/media?parent=12600"}],"wp:term":[{"taxonomy":"pwb-brand","embeddable":true,"href":"https:\/\/tiendamaquetas.com\/index.php\/wp-json\/wp\/v2\/pwb-brand?post=12600"},{"taxonomy":"product_brand","embeddable":true,"href":"https:\/\/tiendamaquetas.com\/index.php\/wp-json\/wp\/v2\/product_brand?post=12600"},{"taxonomy":"product_cat","embeddable":true,"href":"https:\/\/tiendamaquetas.com\/index.php\/wp-json\/wp\/v2\/product_cat?post=12600"},{"taxonomy":"product_tag","embeddable":true,"href":"https:\/\/tiendamaquetas.com\/index.php\/wp-json\/wp\/v2\/product_tag?post=12600"}],"curies":[{"name":"wp","href":"https:\/\/api.w.org\/{rel}","templated":true}]}}