{"id":20141,"date":"2025-03-03T08:28:31","date_gmt":"2025-03-03T08:28:31","guid":{"rendered":"https:\/\/tiendamaquetas.com\/?page_id=20141"},"modified":"2025-03-03T08:52:02","modified_gmt":"2025-03-03T08:52:02","slug":"politica-de-privacidad","status":"publish","type":"page","link":"https:\/\/tiendamaquetas.com\/index.php\/politica-de-privacidad\/","title":{"rendered":"Pol\u00edtica de privacidad"},"content":{"rendered":"\t\t<div data-elementor-type=\"wp-page\" data-elementor-id=\"20141\" class=\"elementor elementor-20141\">\n\t\t\t\t\t\t<section class=\"elementor-section elementor-top-section elementor-element elementor-element-b753e2e elementor-section-boxed elementor-section-height-default elementor-section-height-default\" data-id=\"b753e2e\" data-element_type=\"section\" data-e-type=\"section\">\n\t\t\t\t\t\t<div class=\"elementor-container elementor-column-gap-default\">\n\t\t\t\t\t<div class=\"elementor-column elementor-col-100 elementor-top-column elementor-element elementor-element-a7921ea\" data-id=\"a7921ea\" data-element_type=\"column\" data-e-type=\"column\">\n\t\t\t<div class=\"elementor-widget-wrap elementor-element-populated\">\n\t\t\t\t\t\t<div class=\"elementor-element elementor-element-6845c16 elementor-widget elementor-widget-heading\" data-id=\"6845c16\" data-element_type=\"widget\" data-e-type=\"widget\" data-widget_type=\"heading.default\">\n\t\t\t\t<div class=\"elementor-widget-container\">\n\t\t\t\t\t<h2 class=\"elementor-heading-title elementor-size-default\">Pol\u00edtica de privacidad<\/h2>\t\t\t\t<\/div>\n\t\t\t\t<\/div>\n\t\t\t\t\t<\/div>\n\t\t<\/div>\n\t\t\t\t\t<\/div>\n\t\t<\/section>\n\t\t\t\t<section class=\"elementor-section elementor-top-section elementor-element elementor-element-75bf64c elementor-section-boxed elementor-section-height-default elementor-section-height-default\" data-id=\"75bf64c\" data-element_type=\"section\" data-e-type=\"section\">\n\t\t\t\t\t\t<div class=\"elementor-container elementor-column-gap-default\">\n\t\t\t\t\t<div class=\"elementor-column elementor-col-100 elementor-top-column elementor-element elementor-element-b9a64b4\" data-id=\"b9a64b4\" data-element_type=\"column\" data-e-type=\"column\">\n\t\t\t<div class=\"elementor-widget-wrap elementor-element-populated\">\n\t\t\t\t\t\t<div class=\"elementor-element elementor-element-150cafc elementor-widget elementor-widget-heading\" data-id=\"150cafc\" data-element_type=\"widget\" data-e-type=\"widget\" data-widget_type=\"heading.default\">\n\t\t\t\t<div class=\"elementor-widget-container\">\n\t\t\t\t\t<h4 class=\"elementor-heading-title elementor-size-default\">POL\u00cdTICA DE PRIVACIDAD Y PROTECCI\u00d3N DE DATOS DE CAR\u00c1CTER PERSONAL DE TIENDAMAQUETAS<\/h4>\t\t\t\t<\/div>\n\t\t\t\t<\/div>\n\t\t\t\t\t<\/div>\n\t\t<\/div>\n\t\t\t\t\t<\/div>\n\t\t<\/section>\n\t\t\t\t<section class=\"elementor-section elementor-top-section elementor-element elementor-element-b03d882 elementor-section-boxed elementor-section-height-default elementor-section-height-default\" data-id=\"b03d882\" data-element_type=\"section\" data-e-type=\"section\">\n\t\t\t\t\t\t<div class=\"elementor-container elementor-column-gap-default\">\n\t\t\t\t\t<div class=\"elementor-column elementor-col-100 elementor-top-column elementor-element elementor-element-37cb418\" data-id=\"37cb418\" data-element_type=\"column\" data-e-type=\"column\">\n\t\t\t<div class=\"elementor-widget-wrap elementor-element-populated\">\n\t\t\t\t\t\t<div class=\"elementor-element elementor-element-4b9ccd0 elementor-widget elementor-widget-text-editor\" data-id=\"4b9ccd0\" data-element_type=\"widget\" data-e-type=\"widget\" data-widget_type=\"text-editor.default\">\n\t\t\t\t<div class=\"elementor-widget-container\">\n\t\t\t\t\t\t\t\t\t<h3 data-start=\"214\" data-end=\"255\"><strong data-start=\"218\" data-end=\"253\">Tratamiento de datos personales<\/strong><\/h3><p data-start=\"257\" data-end=\"846\">En cumplimiento de lo establecido en el <strong data-start=\"297\" data-end=\"386\">Reglamento (UE) 2016\/679 del Parlamento Europeo y del Consejo, de 27 de abril de 2016<\/strong> (<strong data-start=\"388\" data-end=\"440\">Reglamento General de Protecci\u00f3n de Datos \u2013 RGPD<\/strong>) y la <strong data-start=\"447\" data-end=\"571\">Ley Org\u00e1nica 3\/2018, de 5 de diciembre, de Protecci\u00f3n de Datos Personales y garant\u00eda de los derechos digitales (LOPDGDD)<\/strong>, le informamos que los datos personales facilitados a trav\u00e9s de los formularios de este sitio web ser\u00e1n tratados por <strong data-start=\"689\" data-end=\"711\">TIENDAMAQUETAS.COM<\/strong>, en calidad de <strong data-start=\"727\" data-end=\"758\">Responsable del Tratamiento<\/strong>, con la finalidad de gestionar las solicitudes y servicios requeridos por el usuario.<\/p><p data-start=\"848\" data-end=\"1119\">Para poder llevar a cabo dicho tratamiento, es necesario que marque la casilla habilitada en el formulario, indicando su <strong data-start=\"969\" data-end=\"1022\">aceptaci\u00f3n expresa de esta pol\u00edtica de privacidad<\/strong>. En caso contrario, <strong data-start=\"1043\" data-end=\"1080\">no podremos procesar su solicitud<\/strong> ni prestarle el servicio solicitado.<\/p>\t\t\t\t\t\t\t\t<\/div>\n\t\t\t\t<\/div>\n\t\t\t\t\t<\/div>\n\t\t<\/div>\n\t\t\t\t\t<\/div>\n\t\t<\/section>\n\t\t\t\t<section class=\"elementor-section elementor-top-section elementor-element elementor-element-92ea0ce elementor-section-boxed elementor-section-height-default elementor-section-height-default\" data-id=\"92ea0ce\" data-element_type=\"section\" data-e-type=\"section\">\n\t\t\t\t\t\t<div class=\"elementor-container elementor-column-gap-default\">\n\t\t\t\t\t<div class=\"elementor-column elementor-col-100 elementor-top-column elementor-element elementor-element-80d6e86\" data-id=\"80d6e86\" data-element_type=\"column\" data-e-type=\"column\">\n\t\t\t<div class=\"elementor-widget-wrap elementor-element-populated\">\n\t\t\t\t\t\t<div class=\"elementor-element elementor-element-4ab1f01 elementor-widget elementor-widget-text-editor\" data-id=\"4ab1f01\" data-element_type=\"widget\" data-e-type=\"widget\" data-widget_type=\"text-editor.default\">\n\t\t\t\t<div class=\"elementor-widget-container\">\n\t\t\t\t\t\t\t\t\t<h3 data-start=\"1121\" data-end=\"1156\"><strong data-start=\"1125\" data-end=\"1154\">Finalidad del tratamiento<\/strong><\/h3><p data-start=\"1157\" data-end=\"1226\">Los datos personales ser\u00e1n tratados con las siguientes finalidades:<\/p><ul data-start=\"1227\" data-end=\"1549\"><li data-start=\"1227\" data-end=\"1330\">Gestionar y responder a las consultas realizadas a trav\u00e9s de los formularios de contacto de la web.<\/li><li data-start=\"1331\" data-end=\"1447\">Enviar comunicaciones comerciales y promociones, siempre que el usuario haya otorgado su consentimiento expreso.<\/li><li data-start=\"1448\" data-end=\"1549\">Mejorar la experiencia del usuario en nuestra web y adaptar nuestros servicios a sus necesidades.<\/li><\/ul><p data-start=\"1551\" data-end=\"1750\">El usuario deber\u00e1 proporcionar informaci\u00f3n veraz y actualizada. En caso de facilitar datos de terceros, el usuario manifiesta contar con el consentimiento expreso de los mismos para su tratamiento.<\/p>\t\t\t\t\t\t\t\t<\/div>\n\t\t\t\t<\/div>\n\t\t\t\t\t<\/div>\n\t\t<\/div>\n\t\t\t\t\t<\/div>\n\t\t<\/section>\n\t\t\t\t<section class=\"elementor-section elementor-top-section elementor-element elementor-element-25e401d elementor-section-boxed elementor-section-height-default elementor-section-height-default\" data-id=\"25e401d\" data-element_type=\"section\" data-e-type=\"section\">\n\t\t\t\t\t\t<div class=\"elementor-container elementor-column-gap-default\">\n\t\t\t\t\t<div class=\"elementor-column elementor-col-100 elementor-top-column elementor-element elementor-element-c33d4f5\" data-id=\"c33d4f5\" data-element_type=\"column\" data-e-type=\"column\">\n\t\t\t<div class=\"elementor-widget-wrap elementor-element-populated\">\n\t\t\t\t\t\t<div class=\"elementor-element elementor-element-fc4ffb3 elementor-widget elementor-widget-text-editor\" data-id=\"fc4ffb3\" data-element_type=\"widget\" data-e-type=\"widget\" data-widget_type=\"text-editor.default\">\n\t\t\t\t<div class=\"elementor-widget-container\">\n\t\t\t\t\t\t\t\t\t<h3 data-start=\"1752\" data-end=\"1790\"><strong data-start=\"1756\" data-end=\"1788\">Legitimaci\u00f3n del tratamiento<\/strong><\/h3><p data-start=\"1791\" data-end=\"2004\">La base legal para el tratamiento de los datos es el <strong data-start=\"1844\" data-end=\"1877\">consentimiento del interesado<\/strong>, otorgado de forma expresa mediante la selecci\u00f3n de la casilla correspondiente en los formularios de contacto y suscripci\u00f3n.<\/p>\t\t\t\t\t\t\t\t<\/div>\n\t\t\t\t<\/div>\n\t\t\t\t\t<\/div>\n\t\t<\/div>\n\t\t\t\t\t<\/div>\n\t\t<\/section>\n\t\t\t\t<section class=\"elementor-section elementor-top-section elementor-element elementor-element-543d021 elementor-section-boxed elementor-section-height-default elementor-section-height-default\" data-id=\"543d021\" data-element_type=\"section\" data-e-type=\"section\">\n\t\t\t\t\t\t<div class=\"elementor-container elementor-column-gap-default\">\n\t\t\t\t\t<div class=\"elementor-column elementor-col-100 elementor-top-column elementor-element elementor-element-32e45f3\" data-id=\"32e45f3\" data-element_type=\"column\" data-e-type=\"column\">\n\t\t\t<div class=\"elementor-widget-wrap elementor-element-populated\">\n\t\t\t\t\t\t<div class=\"elementor-element elementor-element-981cd4c elementor-widget elementor-widget-text-editor\" data-id=\"981cd4c\" data-element_type=\"widget\" data-e-type=\"widget\" data-widget_type=\"text-editor.default\">\n\t\t\t\t<div class=\"elementor-widget-container\">\n\t\t\t\t\t\t\t\t\t<h3 data-start=\"2006\" data-end=\"2041\"><strong data-start=\"2010\" data-end=\"2039\">Conservaci\u00f3n de los datos<\/strong><\/h3><p data-start=\"2042\" data-end=\"2346\">Los datos personales proporcionados se conservar\u00e1n durante el tiempo necesario para cumplir con la finalidad para la que fueron recabados y para determinar posibles responsabilidades derivadas del tratamiento. En todo caso, se aplicar\u00e1n los plazos de conservaci\u00f3n exigidos por la legislaci\u00f3n aplicable.<\/p>\t\t\t\t\t\t\t\t<\/div>\n\t\t\t\t<\/div>\n\t\t\t\t\t<\/div>\n\t\t<\/div>\n\t\t\t\t\t<\/div>\n\t\t<\/section>\n\t\t\t\t<section class=\"elementor-section elementor-top-section elementor-element elementor-element-30ccdac elementor-section-boxed elementor-section-height-default elementor-section-height-default\" data-id=\"30ccdac\" data-element_type=\"section\" data-e-type=\"section\">\n\t\t\t\t\t\t<div class=\"elementor-container elementor-column-gap-default\">\n\t\t\t\t\t<div class=\"elementor-column elementor-col-100 elementor-top-column elementor-element elementor-element-72d309b\" data-id=\"72d309b\" data-element_type=\"column\" data-e-type=\"column\">\n\t\t\t<div class=\"elementor-widget-wrap elementor-element-populated\">\n\t\t\t\t\t\t<div class=\"elementor-element elementor-element-bf11ad5 elementor-widget elementor-widget-text-editor\" data-id=\"bf11ad5\" data-element_type=\"widget\" data-e-type=\"widget\" data-widget_type=\"text-editor.default\">\n\t\t\t\t<div class=\"elementor-widget-container\">\n\t\t\t\t\t\t\t\t\t<h3 data-start=\"2348\" data-end=\"2397\"><strong data-start=\"2352\" data-end=\"2395\">Confidencialidad y medidas de seguridad<\/strong><\/h3><p data-start=\"2398\" data-end=\"2690\"><strong data-start=\"2398\" data-end=\"2420\">TIENDAMAQUETAS.COM<\/strong> se compromete a garantizar la <strong data-start=\"2451\" data-end=\"2483\">confidencialidad y seguridad<\/strong> de los datos personales del usuario, adoptando las medidas t\u00e9cnicas y organizativas necesarias para evitar su alteraci\u00f3n, p\u00e9rdida, tratamiento o acceso no autorizado, conforme a lo establecido en el RGPD.<\/p>\t\t\t\t\t\t\t\t<\/div>\n\t\t\t\t<\/div>\n\t\t\t\t\t<\/div>\n\t\t<\/div>\n\t\t\t\t\t<\/div>\n\t\t<\/section>\n\t\t\t\t<section class=\"elementor-section elementor-top-section elementor-element elementor-element-b4f632d elementor-section-boxed elementor-section-height-default elementor-section-height-default\" data-id=\"b4f632d\" data-element_type=\"section\" data-e-type=\"section\">\n\t\t\t\t\t\t<div class=\"elementor-container elementor-column-gap-default\">\n\t\t\t\t\t<div class=\"elementor-column elementor-col-100 elementor-top-column elementor-element elementor-element-8793551\" data-id=\"8793551\" data-element_type=\"column\" data-e-type=\"column\">\n\t\t\t<div class=\"elementor-widget-wrap elementor-element-populated\">\n\t\t\t\t\t\t<div class=\"elementor-element elementor-element-c1736c2 elementor-widget elementor-widget-text-editor\" data-id=\"c1736c2\" data-element_type=\"widget\" data-e-type=\"widget\" data-widget_type=\"text-editor.default\">\n\t\t\t\t<div class=\"elementor-widget-container\">\n\t\t\t\t\t\t\t\t\t<h3 data-start=\"2692\" data-end=\"2728\"><strong data-start=\"2696\" data-end=\"2726\">Cesi\u00f3n de datos a terceros<\/strong><\/h3><p data-start=\"2729\" data-end=\"2982\">No se ceder\u00e1n datos a terceros ni se realizar\u00e1n transferencias internacionales de datos, salvo obligaci\u00f3n legal o cuando sea necesario para la correcta prestaci\u00f3n del servicio solicitado, en cuyo caso se recabar\u00e1 el consentimiento expreso del usuario.<\/p>\t\t\t\t\t\t\t\t<\/div>\n\t\t\t\t<\/div>\n\t\t\t\t\t<\/div>\n\t\t<\/div>\n\t\t\t\t\t<\/div>\n\t\t<\/section>\n\t\t\t\t<section class=\"elementor-section elementor-top-section elementor-element elementor-element-2a513d7 elementor-section-boxed elementor-section-height-default elementor-section-height-default\" data-id=\"2a513d7\" data-element_type=\"section\" data-e-type=\"section\">\n\t\t\t\t\t\t<div class=\"elementor-container elementor-column-gap-default\">\n\t\t\t\t\t<div class=\"elementor-column elementor-col-100 elementor-top-column elementor-element elementor-element-c08af85\" data-id=\"c08af85\" data-element_type=\"column\" data-e-type=\"column\">\n\t\t\t<div class=\"elementor-widget-wrap elementor-element-populated\">\n\t\t\t\t\t\t<div class=\"elementor-element elementor-element-ae11cec elementor-widget elementor-widget-text-editor\" data-id=\"ae11cec\" data-element_type=\"widget\" data-e-type=\"widget\" data-widget_type=\"text-editor.default\">\n\t\t\t\t<div class=\"elementor-widget-container\">\n\t\t\t\t\t\t\t\t\t<h3 data-start=\"2984\" data-end=\"3014\"><strong data-start=\"2988\" data-end=\"3012\">Derechos del usuario<\/strong><\/h3><p data-start=\"3015\" data-end=\"3263\">El usuario podr\u00e1 ejercer sus derechos en cualquier momento, enviando una solicitud por escrito a <strong data-start=\"3112\" data-end=\"3148\">[correo electr\u00f3nico de contacto]<\/strong> o a la direcci\u00f3n postal de <strong data-start=\"3176\" data-end=\"3198\">TIENDAMAQUETAS.COM<\/strong>, acreditando su identidad. Los derechos que puede ejercer son:<\/p><ul data-start=\"3264\" data-end=\"3796\"><li data-start=\"3264\" data-end=\"3318\"><strong data-start=\"3266\" data-end=\"3277\">Acceso:<\/strong> conocer qu\u00e9 datos personales tratamos.<\/li><li data-start=\"3319\" data-end=\"3403\"><strong data-start=\"3321\" data-end=\"3339\">Rectificaci\u00f3n:<\/strong> solicitar la modificaci\u00f3n de datos incorrectos o incompletos.<\/li><li data-start=\"3404\" data-end=\"3522\"><strong data-start=\"3406\" data-end=\"3420\">Supresi\u00f3n:<\/strong> pedir la eliminaci\u00f3n de sus datos personales cuando ya no sean necesarios para los fines recogidos.<\/li><li data-start=\"3523\" data-end=\"3628\"><strong data-start=\"3525\" data-end=\"3556\">Limitaci\u00f3n del tratamiento:<\/strong> solicitar que se restrinja el uso de sus datos en determinados casos.<\/li><li data-start=\"3629\" data-end=\"3711\"><strong data-start=\"3631\" data-end=\"3648\">Portabilidad:<\/strong> recibir sus datos en un formato estructurado y de uso com\u00fan.<\/li><li data-start=\"3712\" data-end=\"3796\"><strong data-start=\"3714\" data-end=\"3728\">Oposici\u00f3n:<\/strong> revocar el consentimiento y oponerse al tratamiento de sus datos.<\/li><\/ul><p data-start=\"3798\" data-end=\"4028\">Asimismo, si considera que sus derechos no han sido atendidos, tiene derecho a presentar una reclamaci\u00f3n ante la <strong data-start=\"3911\" data-end=\"3961\">Agencia Espa\u00f1ola de Protecci\u00f3n de Datos (AEPD)<\/strong> a trav\u00e9s de su sitio web <strong data-start=\"3987\" data-end=\"4025\"><a data-start=\"3989\" data-end=\"4023\" rel=\"noopener\" target=\"_new\" href=\"https:\/\/www.aepd.es\">www.aepd.es<\/a><\/strong>.<\/p>\t\t\t\t\t\t\t\t<\/div>\n\t\t\t\t<\/div>\n\t\t\t\t\t<\/div>\n\t\t<\/div>\n\t\t\t\t\t<\/div>\n\t\t<\/section>\n\t\t\t\t<\/div>\n\t\t","protected":false},"excerpt":{"rendered":"<p>Pol\u00edtica de privacidad POL\u00cdTICA DE PRIVACIDAD Y PROTECCI\u00d3N DE DATOS DE CAR\u00c1CTER PERSONAL DE TIENDAMAQUETAS Tratamiento de datos personales En cumplimiento de lo establecido en el Reglamento (UE) 2016\/679 del Parlamento Europeo y del Consejo, de 27 de abril de 2016 (Reglamento General de Protecci\u00f3n de Datos \u2013 RGPD) y la Ley Org\u00e1nica 3\/2018, de [&hellip;]<\/p>\n","protected":false},"author":1,"featured_media":0,"parent":0,"menu_order":0,"comment_status":"closed","ping_status":"closed","template":"","meta":{"site-sidebar-layout":"no-sidebar","site-content-layout":"page-builder","ast-site-content-layout":"full-width-container","site-content-style":"default","site-sidebar-style":"default","ast-global-header-display":"","ast-banner-title-visibility":"","ast-main-header-display":"","ast-hfb-above-header-display":"","ast-hfb-below-header-display":"","ast-hfb-mobile-header-display":"","site-post-title":"disabled","ast-breadcrumbs-content":"","ast-featured-img":"disabled","footer-sml-layout":"","ast-disable-related-posts":"","theme-transparent-header-meta":"","adv-header-id-meta":"","stick-header-meta":"","header-above-stick-meta":"","header-main-stick-meta":"","header-below-stick-meta":"","astra-migrate-meta-layouts":"set","ast-page-background-enabled":"default","ast-page-background-meta":{"desktop":{"background-color":"","background-image":"","background-repeat":"repeat","background-position":"center center","background-size":"auto","background-attachment":"scroll","background-type":"","background-media":"","overlay-type":"","overlay-color":"","overlay-opacity":"","overlay-gradient":""},"tablet":{"background-color":"","background-image":"","background-repeat":"repeat","background-position":"center center","background-size":"auto","background-attachment":"scroll","background-type":"","background-media":"","overlay-type":"","overlay-color":"","overlay-opacity":"","overlay-gradient":""},"mobile":{"background-color":"","background-image":"","background-repeat":"repeat","background-position":"center center","background-size":"auto","background-attachment":"scroll","background-type":"","background-media":"","overlay-type":"","overlay-color":"","overlay-opacity":"","overlay-gradient":""}},"ast-content-background-meta":{"desktop":{"background-color":"var(--ast-global-color-5)","background-image":"","background-repeat":"repeat","background-position":"center center","background-size":"auto","background-attachment":"scroll","background-type":"","background-media":"","overlay-type":"","overlay-color":"","overlay-opacity":"","overlay-gradient":""},"tablet":{"background-color":"var(--ast-global-color-5)","background-image":"","background-repeat":"repeat","background-position":"center center","background-size":"auto","background-attachment":"scroll","background-type":"","background-media":"","overlay-type":"","overlay-color":"","overlay-opacity":"","overlay-gradient":""},"mobile":{"background-color":"var(--ast-global-color-5)","background-image":"","background-repeat":"repeat","background-position":"center center","background-size":"auto","background-attachment":"scroll","background-type":"","background-media":"","overlay-type":"","overlay-color":"","overlay-opacity":"","overlay-gradient":""}},"_joinchat":[],"footnotes":""},"class_list":["post-20141","page","type-page","status-publish","hentry"],"_links":{"self":[{"href":"https:\/\/tiendamaquetas.com\/index.php\/wp-json\/wp\/v2\/pages\/20141","targetHints":{"allow":["GET"]}}],"collection":[{"href":"https:\/\/tiendamaquetas.com\/index.php\/wp-json\/wp\/v2\/pages"}],"about":[{"href":"https:\/\/tiendamaquetas.com\/index.php\/wp-json\/wp\/v2\/types\/page"}],"author":[{"embeddable":true,"href":"https:\/\/tiendamaquetas.com\/index.php\/wp-json\/wp\/v2\/users\/1"}],"replies":[{"embeddable":true,"href":"https:\/\/tiendamaquetas.com\/index.php\/wp-json\/wp\/v2\/comments?post=20141"}],"version-history":[{"count":4,"href":"https:\/\/tiendamaquetas.com\/index.php\/wp-json\/wp\/v2\/pages\/20141\/revisions"}],"predecessor-version":[{"id":20146,"href":"https:\/\/tiendamaquetas.com\/index.php\/wp-json\/wp\/v2\/pages\/20141\/revisions\/20146"}],"wp:attachment":[{"href":"https:\/\/tiendamaquetas.com\/index.php\/wp-json\/wp\/v2\/media?parent=20141"}],"curies":[{"name":"wp","href":"https:\/\/api.w.org\/{rel}","templated":true}]}}